{"id":3,"date":"2023-12-18T08:48:44","date_gmt":"2023-12-18T07:48:44","guid":{"rendered":"https:\/\/tekpro.com.co\/?page_id=3"},"modified":"2023-12-27T07:19:56","modified_gmt":"2023-12-27T06:19:56","slug":"politica-privacidad","status":"publish","type":"page","link":"https:\/\/tekpro.com.co\/index.php\/politica-privacidad\/","title":{"rendered":"Pol\u00edtica de privacidad"},"content":{"rendered":"\n<p>El sitio web <a target=\"_blank\" href=\"http:\/\/tekpro.com.co\" rel=\"noreferrer noopener\">tekpro.com.co<\/a> es propiedad de Tekpro S.A.S, que es un controlador de sus datos personales.<\/p>\n\n\n\n<p>Hemos adoptado esta Pol\u00edtica de privacidad, que determina c\u00f3mo procesamos la informaci\u00f3n recopilada por <a target=\"_blank\" href=\"http:\/\/tekpro.com.co\" rel=\"noreferrer noopener\">tekpro.com.co<\/a>, que tambi\u00e9n proporciona las razones por las que debemos recopilar ciertos datos personales sobre usted. Por lo tanto, debe leer esta Pol\u00edtica de privacidad antes de usar el sitio web <a target=\"_blank\" href=\"http:\/\/tekpro.com.co\" rel=\"noreferrer noopener\">tekpro.com.co<\/a>.<\/p>\n\n\n\n<p>Nos preocupamos por sus datos personales y nos comprometemos a garantizar su confidencialidad y seguridad.<\/p>\n\n\n\n<p>Informaci\u00f3n personal que recopilamos:<\/p>\n\n\n\n<p>Cuando visita <a target=\"_blank\" href=\"http:\/\/tekpro.com.co\" rel=\"noreferrer noopener\">tekpro.com.co<\/a>, recopilamos autom\u00e1ticamente cierta informaci\u00f3n sobre su dispositivo, incluida informaci\u00f3n sobre su navegador web, direcci\u00f3n IP, zona horaria y algunos de los cookies instalados en su dispositivo. Adem\u00e1s, mientras navega por el sitio, recopilamos informaci\u00f3n sobre las p\u00e1ginas web individuales o productos que ve, qu\u00e9 sitios web o t\u00e9rminos de b\u00fasqueda lo remitieron al sitio y c\u00f3mo interact\u00faa con el sitio. Nos referimos a esta informaci\u00f3n recopilada autom\u00e1ticamente como \u201cInformaci\u00f3n del dispositivo\u201d. Adem\u00e1s, podemos recopilar los datos personales que nos proporciona (incluidos, entre otros, nombre, apellido, direcci\u00f3n, informaci\u00f3n de pago, etc.) durante el registro para poder cumplir con el acuerdo.<\/p>\n\n\n\n<p>\u00bfPor qu\u00e9 procesamos sus datos?<\/p>\n\n\n\n<p>Nuestra m\u00e1xima prioridad es la seguridad de los datos del cliente y, como tal, podemos procesar solo datos m\u00ednimos del usuario, solo tanto como sea absolutamente necesario para mantener el sitio web. La informaci\u00f3n recopilada autom\u00e1ticamente se utiliza solo para identificar posibles casos de abuso y establecer informaci\u00f3n estad\u00edstica sobre el uso del sitio web. Esta informaci\u00f3n estad\u00edstica no se agrega de otra manera de tal manera que identifique a ning\u00fan usuario en particular del sistema.<\/p>\n\n\n\n<p>Puede visitar el sitio web sin decirnos qui\u00e9n es o revelar ninguna informaci\u00f3n por la cual alguien pueda identificarlo como un individuo espec\u00edfico e identificable. Sin embargo, si desea utilizar algunas de las funciones del sitio web o desea recibir nuestro bolet\u00edn o proporcionar otros detalles completando un formulario, puede proporcionarnos datos personales como su correo electr\u00f3nico, nombre, apellido, ciudad de residencia , organizaci\u00f3n, n\u00famero de tel\u00e9fono. Puede elegir no proporcionarnos sus datos personales, pero entonces es posible que no pueda aprovechar algunas de las funciones del sitio web. Por ejemplo, no podr\u00e1 recibir nuestro bolet\u00edn ni contactarnos directamente desde el sitio web. Los usuarios que no est\u00e9n seguros sobre qu\u00e9 informaci\u00f3n es obligatoria pueden contactarnos a trav\u00e9s de <a target=\"_blank\" href=\"mailto:mercadeo@tekpro.com.co\" rel=\"noreferrer noopener\">mercadeo@tekpro.com.co<\/a>.<\/p>\n\n\n\n<p>Tus derechos:<\/p>\n\n\n\n<p>Si eres residente europeo, tienes los siguientes derechos relacionados con tus datos personales:<\/p>\n\n\n\n<p>El derecho a ser informado.<\/p>\n\n\n\n<p>El derecho de acceso.<\/p>\n\n\n\n<p>El derecho a la rectificaci\u00f3n.<\/p>\n\n\n\n<p>El derecho al borrado.<\/p>\n\n\n\n<p>El derecho a restringir el procesamiento.<\/p>\n\n\n\n<p>El derecho a la portabilidad de los datos.<\/p>\n\n\n\n<p>El derecho a objetar.<\/p>\n\n\n\n<p>Derechos en relaci\u00f3n con la toma de decisiones automatizada y la elaboraci\u00f3n de perfiles.<\/p>\n\n\n\n<p>Si desea ejercer este derecho, cont\u00e1ctenos a trav\u00e9s de la informaci\u00f3n de contacto a continuaci\u00f3n.<\/p>\n\n\n\n<p>Adem\u00e1s, si eres residente europeo, te informamos que estamos procesando tu informaci\u00f3n para cumplir con los contratos que podr\u00edamos tener contigo (por ejemplo, si realizas un pedido a trav\u00e9s del Sitio) o para perseguir nuestros intereses comerciales leg\u00edtimos mencionados anteriormente. Adem\u00e1s, tenga en cuenta que su informaci\u00f3n podr\u00eda ser transferida fuera de Europa, incluidos Canad\u00e1 y Estados Unidos.<\/p>\n\n\n\n<p>Enlaces a otros sitios web:<\/p>\n\n\n\n<p>Nuestro sitio web puede contener enlaces a otros sitios web que no son propiedad o est\u00e1n controlados por nosotros. Tenga en cuenta que no somos responsables por las pr\u00e1cticas de privacidad de dichos otros sitios web o terceros. Le recomendamos que est\u00e9 atento cuando salga de nuestro sitio web y lea las declaraciones de privacidad de cada sitio web que pueda recopilar informaci\u00f3n personal.<\/p>\n\n\n\n<p>Seguridad de la informaci\u00f3n:<\/p>\n\n\n\n<p>Aseguramos la informaci\u00f3n que proporciona en servidores inform\u00e1ticos en un entorno controlado y seguro, protegido contra acceso no autorizado, uso o divulgaci\u00f3n. Mantenemos salvaguardias administrativas razonables t\u00e9cnicas y f\u00edsicas para proteger contra p\u00e9rdidas accidentales o ilegales acceso no autorizado divulgaci\u00f3n alteraci\u00f3n o destrucci\u00f3n.<\/p>\n","protected":false},"excerpt":{"rendered":"<p>El sitio web tekpro.com.co es propiedad de Tekpro S.A.S, que es un controlador de sus datos personales. Hemos adoptado esta Pol\u00edtica de privacidad, que determina c\u00f3mo procesamos la informaci\u00f3n recopilada por tekpro.com.co, que tambi\u00e9n proporciona las razones por las que debemos recopilar ciertos datos personales sobre usted. Por lo tanto, debe leer esta Pol\u00edtica de [&hellip;]<\/p>\n","protected":false},"author":1,"featured_media":5,"parent":0,"menu_order":0,"comment_status":"closed","ping_status":"open","template":"","meta":{"jetpack_post_was_ever_published":false,"footnotes":""},"class_list":["post-3","page","type-page","status-publish","has-post-thumbnail","hentry"],"yoast_head":"<!-- This site is optimized with the Yoast SEO plugin v27.5 - https:\/\/yoast.com\/product\/yoast-seo-wordpress\/ -->\n<title>Pol\u00edtica de privacidad | Tekpro<\/title>\n<meta name=\"robots\" content=\"index, follow, max-snippet:-1, max-image-preview:large, max-video-preview:-1\" \/>\n<link rel=\"canonical\" href=\"https:\/\/tekpro.com.co\/index.php\/politica-privacidad\/\" \/>\n<meta property=\"og:locale\" content=\"en_US\" \/>\n<meta property=\"og:type\" content=\"article\" \/>\n<meta property=\"og:title\" content=\"Pol\u00edtica de privacidad | Tekpro\" \/>\n<meta property=\"og:description\" content=\"El sitio web tekpro.com.co es propiedad de Tekpro S.A.S, que es un controlador de sus datos personales. Hemos adoptado esta Pol\u00edtica de privacidad, que determina c\u00f3mo procesamos la informaci\u00f3n recopilada por tekpro.com.co, que tambi\u00e9n proporciona las razones por las que debemos recopilar ciertos datos personales sobre usted. Por lo tanto, debe leer esta Pol\u00edtica de [&hellip;]\" \/>\n<meta property=\"og:url\" content=\"https:\/\/tekpro.com.co\/index.php\/politica-privacidad\/\" \/>\n<meta property=\"og:site_name\" content=\"Tekpro\" \/>\n<meta property=\"article:modified_time\" content=\"2023-12-27T06:19:56+00:00\" \/>\n<meta property=\"og:image\" content=\"https:\/\/i0.wp.com\/tekpro.com.co\/wp-content\/uploads\/2023\/12\/logo-tekpro-main-retina.png?fit=580%2C205&ssl=1\" \/>\n\t<meta property=\"og:image:width\" content=\"580\" \/>\n\t<meta property=\"og:image:height\" content=\"205\" \/>\n\t<meta property=\"og:image:type\" content=\"image\/png\" \/>\n<meta name=\"twitter:card\" content=\"summary_large_image\" \/>\n<meta name=\"twitter:label1\" content=\"Est. reading time\" \/>\n\t<meta name=\"twitter:data1\" content=\"4 minutes\" \/>\n<script type=\"application\/ld+json\" class=\"yoast-schema-graph\">{\"@context\":\"https:\\\/\\\/schema.org\",\"@graph\":[{\"@type\":\"WebPage\",\"@id\":\"https:\\\/\\\/tekpro.com.co\\\/index.php\\\/politica-privacidad\\\/\",\"url\":\"https:\\\/\\\/tekpro.com.co\\\/index.php\\\/politica-privacidad\\\/\",\"name\":\"Pol\u00edtica de privacidad | Tekpro\",\"isPartOf\":{\"@id\":\"https:\\\/\\\/tekpro.com.co\\\/#website\"},\"primaryImageOfPage\":{\"@id\":\"https:\\\/\\\/tekpro.com.co\\\/index.php\\\/politica-privacidad\\\/#primaryimage\"},\"image\":{\"@id\":\"https:\\\/\\\/tekpro.com.co\\\/index.php\\\/politica-privacidad\\\/#primaryimage\"},\"thumbnailUrl\":\"https:\\\/\\\/i0.wp.com\\\/tekpro.com.co\\\/wp-content\\\/uploads\\\/2023\\\/12\\\/logo-tekpro-main-retina.png?fit=580%2C205&ssl=1\",\"datePublished\":\"2023-12-18T07:48:44+00:00\",\"dateModified\":\"2023-12-27T06:19:56+00:00\",\"breadcrumb\":{\"@id\":\"https:\\\/\\\/tekpro.com.co\\\/index.php\\\/politica-privacidad\\\/#breadcrumb\"},\"inLanguage\":\"en-US\",\"potentialAction\":[{\"@type\":\"ReadAction\",\"target\":[\"https:\\\/\\\/tekpro.com.co\\\/index.php\\\/politica-privacidad\\\/\"]}]},{\"@type\":\"ImageObject\",\"inLanguage\":\"en-US\",\"@id\":\"https:\\\/\\\/tekpro.com.co\\\/index.php\\\/politica-privacidad\\\/#primaryimage\",\"url\":\"https:\\\/\\\/i0.wp.com\\\/tekpro.com.co\\\/wp-content\\\/uploads\\\/2023\\\/12\\\/logo-tekpro-main-retina.png?fit=580%2C205&ssl=1\",\"contentUrl\":\"https:\\\/\\\/i0.wp.com\\\/tekpro.com.co\\\/wp-content\\\/uploads\\\/2023\\\/12\\\/logo-tekpro-main-retina.png?fit=580%2C205&ssl=1\",\"width\":580,\"height\":205},{\"@type\":\"BreadcrumbList\",\"@id\":\"https:\\\/\\\/tekpro.com.co\\\/index.php\\\/politica-privacidad\\\/#breadcrumb\",\"itemListElement\":[{\"@type\":\"ListItem\",\"position\":1,\"name\":\"Portada\",\"item\":\"https:\\\/\\\/tekpro.com.co\\\/\"},{\"@type\":\"ListItem\",\"position\":2,\"name\":\"Pol\u00edtica de privacidad\"}]},{\"@type\":\"WebSite\",\"@id\":\"https:\\\/\\\/tekpro.com.co\\\/#website\",\"url\":\"https:\\\/\\\/tekpro.com.co\\\/\",\"name\":\"Tekpro\",\"description\":\"Ofrecemos soluciones cortas para la industria alimentaria, especializandonos en el procesamiento de la carne\",\"publisher\":{\"@id\":\"https:\\\/\\\/tekpro.com.co\\\/#organization\"},\"alternateName\":\"Tekpro S.A.S\",\"potentialAction\":[{\"@type\":\"SearchAction\",\"target\":{\"@type\":\"EntryPoint\",\"urlTemplate\":\"https:\\\/\\\/tekpro.com.co\\\/?s={search_term_string}\"},\"query-input\":{\"@type\":\"PropertyValueSpecification\",\"valueRequired\":true,\"valueName\":\"search_term_string\"}}],\"inLanguage\":\"en-US\"},{\"@type\":\"Organization\",\"@id\":\"https:\\\/\\\/tekpro.com.co\\\/#organization\",\"name\":\"Tekpro\",\"url\":\"https:\\\/\\\/tekpro.com.co\\\/\",\"logo\":{\"@type\":\"ImageObject\",\"inLanguage\":\"en-US\",\"@id\":\"https:\\\/\\\/tekpro.com.co\\\/#\\\/schema\\\/logo\\\/image\\\/\",\"url\":\"https:\\\/\\\/i0.wp.com\\\/tekpro.com.co\\\/wp-content\\\/uploads\\\/2023\\\/12\\\/favicon-tekpro60px.png?fit=60%2C62&ssl=1\",\"contentUrl\":\"https:\\\/\\\/i0.wp.com\\\/tekpro.com.co\\\/wp-content\\\/uploads\\\/2023\\\/12\\\/favicon-tekpro60px.png?fit=60%2C62&ssl=1\",\"width\":60,\"height\":62,\"caption\":\"Tekpro\"},\"image\":{\"@id\":\"https:\\\/\\\/tekpro.com.co\\\/#\\\/schema\\\/logo\\\/image\\\/\"}}]}<\/script>\n<!-- \/ Yoast SEO plugin. -->","yoast_head_json":{"title":"Pol\u00edtica de privacidad | Tekpro","robots":{"index":"index","follow":"follow","max-snippet":"max-snippet:-1","max-image-preview":"max-image-preview:large","max-video-preview":"max-video-preview:-1"},"canonical":"https:\/\/tekpro.com.co\/index.php\/politica-privacidad\/","og_locale":"en_US","og_type":"article","og_title":"Pol\u00edtica de privacidad | Tekpro","og_description":"El sitio web tekpro.com.co es propiedad de Tekpro S.A.S, que es un controlador de sus datos personales. Hemos adoptado esta Pol\u00edtica de privacidad, que determina c\u00f3mo procesamos la informaci\u00f3n recopilada por tekpro.com.co, que tambi\u00e9n proporciona las razones por las que debemos recopilar ciertos datos personales sobre usted. Por lo tanto, debe leer esta Pol\u00edtica de [&hellip;]","og_url":"https:\/\/tekpro.com.co\/index.php\/politica-privacidad\/","og_site_name":"Tekpro","article_modified_time":"2023-12-27T06:19:56+00:00","og_image":[{"width":580,"height":205,"url":"https:\/\/i0.wp.com\/tekpro.com.co\/wp-content\/uploads\/2023\/12\/logo-tekpro-main-retina.png?fit=580%2C205&ssl=1","type":"image\/png"}],"twitter_card":"summary_large_image","twitter_misc":{"Est. reading time":"4 minutes"},"schema":{"@context":"https:\/\/schema.org","@graph":[{"@type":"WebPage","@id":"https:\/\/tekpro.com.co\/index.php\/politica-privacidad\/","url":"https:\/\/tekpro.com.co\/index.php\/politica-privacidad\/","name":"Pol\u00edtica de privacidad | Tekpro","isPartOf":{"@id":"https:\/\/tekpro.com.co\/#website"},"primaryImageOfPage":{"@id":"https:\/\/tekpro.com.co\/index.php\/politica-privacidad\/#primaryimage"},"image":{"@id":"https:\/\/tekpro.com.co\/index.php\/politica-privacidad\/#primaryimage"},"thumbnailUrl":"https:\/\/i0.wp.com\/tekpro.com.co\/wp-content\/uploads\/2023\/12\/logo-tekpro-main-retina.png?fit=580%2C205&ssl=1","datePublished":"2023-12-18T07:48:44+00:00","dateModified":"2023-12-27T06:19:56+00:00","breadcrumb":{"@id":"https:\/\/tekpro.com.co\/index.php\/politica-privacidad\/#breadcrumb"},"inLanguage":"en-US","potentialAction":[{"@type":"ReadAction","target":["https:\/\/tekpro.com.co\/index.php\/politica-privacidad\/"]}]},{"@type":"ImageObject","inLanguage":"en-US","@id":"https:\/\/tekpro.com.co\/index.php\/politica-privacidad\/#primaryimage","url":"https:\/\/i0.wp.com\/tekpro.com.co\/wp-content\/uploads\/2023\/12\/logo-tekpro-main-retina.png?fit=580%2C205&ssl=1","contentUrl":"https:\/\/i0.wp.com\/tekpro.com.co\/wp-content\/uploads\/2023\/12\/logo-tekpro-main-retina.png?fit=580%2C205&ssl=1","width":580,"height":205},{"@type":"BreadcrumbList","@id":"https:\/\/tekpro.com.co\/index.php\/politica-privacidad\/#breadcrumb","itemListElement":[{"@type":"ListItem","position":1,"name":"Portada","item":"https:\/\/tekpro.com.co\/"},{"@type":"ListItem","position":2,"name":"Pol\u00edtica de privacidad"}]},{"@type":"WebSite","@id":"https:\/\/tekpro.com.co\/#website","url":"https:\/\/tekpro.com.co\/","name":"Tekpro","description":"Ofrecemos soluciones cortas para la industria alimentaria, especializandonos en el procesamiento de la carne","publisher":{"@id":"https:\/\/tekpro.com.co\/#organization"},"alternateName":"Tekpro S.A.S","potentialAction":[{"@type":"SearchAction","target":{"@type":"EntryPoint","urlTemplate":"https:\/\/tekpro.com.co\/?s={search_term_string}"},"query-input":{"@type":"PropertyValueSpecification","valueRequired":true,"valueName":"search_term_string"}}],"inLanguage":"en-US"},{"@type":"Organization","@id":"https:\/\/tekpro.com.co\/#organization","name":"Tekpro","url":"https:\/\/tekpro.com.co\/","logo":{"@type":"ImageObject","inLanguage":"en-US","@id":"https:\/\/tekpro.com.co\/#\/schema\/logo\/image\/","url":"https:\/\/i0.wp.com\/tekpro.com.co\/wp-content\/uploads\/2023\/12\/favicon-tekpro60px.png?fit=60%2C62&ssl=1","contentUrl":"https:\/\/i0.wp.com\/tekpro.com.co\/wp-content\/uploads\/2023\/12\/favicon-tekpro60px.png?fit=60%2C62&ssl=1","width":60,"height":62,"caption":"Tekpro"},"image":{"@id":"https:\/\/tekpro.com.co\/#\/schema\/logo\/image\/"}}]}},"jetpack_sharing_enabled":true,"_links":{"self":[{"href":"https:\/\/tekpro.com.co\/index.php\/wp-json\/wp\/v2\/pages\/3","targetHints":{"allow":["GET"]}}],"collection":[{"href":"https:\/\/tekpro.com.co\/index.php\/wp-json\/wp\/v2\/pages"}],"about":[{"href":"https:\/\/tekpro.com.co\/index.php\/wp-json\/wp\/v2\/types\/page"}],"author":[{"embeddable":true,"href":"https:\/\/tekpro.com.co\/index.php\/wp-json\/wp\/v2\/users\/1"}],"replies":[{"embeddable":true,"href":"https:\/\/tekpro.com.co\/index.php\/wp-json\/wp\/v2\/comments?post=3"}],"version-history":[{"count":1,"href":"https:\/\/tekpro.com.co\/index.php\/wp-json\/wp\/v2\/pages\/3\/revisions"}],"predecessor-version":[{"id":587,"href":"https:\/\/tekpro.com.co\/index.php\/wp-json\/wp\/v2\/pages\/3\/revisions\/587"}],"wp:featuredmedia":[{"embeddable":true,"href":"https:\/\/tekpro.com.co\/index.php\/wp-json\/wp\/v2\/media\/5"}],"wp:attachment":[{"href":"https:\/\/tekpro.com.co\/index.php\/wp-json\/wp\/v2\/media?parent=3"}],"curies":[{"name":"wp","href":"https:\/\/api.w.org\/{rel}","templated":true}]}}