{"id":589,"date":"2023-12-27T07:22:59","date_gmt":"2023-12-27T06:22:59","guid":{"rendered":"https:\/\/tekpro.com.co\/?page_id=589"},"modified":"2023-12-27T07:23:01","modified_gmt":"2023-12-27T06:23:01","slug":"terminos-y-condiciones","status":"publish","type":"page","link":"https:\/\/tekpro.com.co\/index.php\/terminos-y-condiciones\/","title":{"rendered":"T\u00e9rminos y Condiciones"},"content":{"rendered":"\n<h3 class=\"wp-block-heading\">\u00a1Bienvenido a <a href=\"http:\/\/tekpro.com.co\" target=\"_blank\" rel=\"noreferrer noopener\">tekpro.com.co<\/a>!<\/h3>\n\n\n\n<p>Estos t\u00e9rminos y condiciones describen las reglas y regulaciones para el uso del sitio web de Tekpro S.A.S, ubicado en <a target=\"_blank\" href=\"https:\/\/tekpro.com.co\" rel=\"noreferrer noopener\">https:\/\/tekpro.com.co<\/a>.<\/p>\n\n\n\n<p>Al acceder a este sitio web, asumimos que acepta estos t\u00e9rminos y condiciones. No contin\u00fae usando <a target=\"_blank\" href=\"http:\/\/tekpro.com.co\" rel=\"noreferrer noopener\">tekpro.com.co<\/a> si no est\u00e1 de acuerdo en aceptar todos los t\u00e9rminos y condiciones establecidos en esta p\u00e1gina.<\/p>\n\n\n\n<p>Cookies:<\/p>\n\n\n\n<p>El sitio web utiliza cookies para ayudar a personalizar su experiencia en l\u00ednea. Al acceder a <a target=\"_blank\" href=\"http:\/\/tekpro.com.co\" rel=\"noreferrer noopener\">tekpro.com.co<\/a>, acept\u00f3 el uso de las cookies necesarias.<\/p>\n\n\n\n<p>Una cookie es un archivo de texto que se coloca en su disco duro por un servidor de p\u00e1ginas web. Las cookies no se pueden utilizar para ejecutar programas o entregar virus a su computadora. Las cookies se asignan exclusivamente a usted y solo pueden ser le\u00eddas por un servidor web en el dominio que emiti\u00f3 la cookie para usted.<\/p>\n\n\n\n<p>Podemos usar cookies para recopilar, almacenar y rastrear informaci\u00f3n con fines estad\u00edsticos o de marketing para operar nuestro sitio web. Tiene la capacidad de aceptar o rechazar Cookies opcionales. Hay algunas Cookies requeridas que son necesarias para el funcionamiento de nuestro sitio web. Estas cookies no requieren su consentimiento ya que siempre funcionan. Tenga en cuenta que al aceptar las Cookies requeridas, tambi\u00e9n acepta las Cookies de terceros, que podr\u00edan usarse a trav\u00e9s de servicios proporcionados por terceros si usa dichos servicios en nuestro sitio web, por ejemplo, una ventana de visualizaci\u00f3n de video proporcionada por terceros e integrada en nuestro sitio web.<\/p>\n\n\n\n<p>Licencia:<\/p>\n\n\n\n<p>A menos que se indique lo contrario, Tekpro S.A.S y \/ o sus licenciantes poseen los derechos de propiedad intelectual de todo el material en <a target=\"_blank\" href=\"http:\/\/tekpro.com.co\" rel=\"noreferrer noopener\">tekpro.com.co<\/a>. Todos los derechos de propiedad intelectual est\u00e1n reservados. Puede acceder a esto desde <a target=\"_blank\" href=\"http:\/\/tekpro.com.co\" rel=\"noreferrer noopener\">tekpro.com.co<\/a> para su propio uso personal sujeto a restricciones establecidas en estos t\u00e9rminos y condiciones.<\/p>\n\n\n\n<p>No debes:<\/p>\n\n\n\n<p>Copiar o volver a publicar material de <a target=\"_blank\" href=\"http:\/\/tekpro.com.co\" rel=\"noreferrer noopener\">tekpro.com.co<\/a><\/p>\n\n\n\n<p>Vender, alquilar o sublicenciar material de <a target=\"_blank\" href=\"http:\/\/tekpro.com.co\" rel=\"noreferrer noopener\">tekpro.com.co<\/a><\/p>\n\n\n\n<p>Reproducir, duplicar o copiar material de <a target=\"_blank\" href=\"http:\/\/tekpro.com.co\" rel=\"noreferrer noopener\">tekpro.com.co<\/a><\/p>\n\n\n\n<p>Redistribuir contenido de <a target=\"_blank\" href=\"http:\/\/tekpro.com.co\" rel=\"noreferrer noopener\">tekpro.com.co<\/a><\/p>\n\n\n\n<p>Este Acuerdo comenzar\u00e1 en la fecha del mismo.<\/p>\n\n\n\n<p>Partes de este sitio web ofrecen a los usuarios la oportunidad de publicar e intercambiar opiniones e informaci\u00f3n en ciertas \u00e1reas del sitio web. Tekpro S.A.S no filtra, edita, publica ni revisa Comentarios antes de su presencia en el sitio web. Los comentarios no reflejan las opiniones y opiniones de Tekpro S.A.S, sus agentes y \/ o afiliados. Los comentarios reflejan las opiniones y opiniones del individuo que publica sus opiniones y opiniones. En la medida permitida por las leyes aplicables, Tekpro S.A.S no ser\u00e1 responsable por los Comentarios ni por ninguna responsabilidad, da\u00f1os o gastos causados \u200b\u200by \/ o sufridos como resultado del uso y \/ o publicaci\u00f3n y \/ o aparici\u00f3n de los Comentarios en este sitio web.<\/p>\n\n\n\n<p>Tekpro S.A.S se reserva el derecho de monitorear todos los Comentarios y eliminar cualquier Comentario que pueda considerarse inapropiado, ofensivo o causa incumplimiento de estos T\u00e9rminos y Condiciones.<\/p>\n\n\n\n<p>Usted garantiza y representa que:<\/p>\n\n\n\n<p>Tiene derecho a publicar los Comentarios en nuestro sitio web y tiene todas las licencias y consentimientos necesarios para hacerlo;<\/p>\n\n\n\n<p>Los Comentarios no invaden ning\u00fan derecho de propiedad intelectual, incluyendo sin limitaci\u00f3n derechos de autor, patentes o marcas comerciales de terceros;<\/p>\n\n\n\n<p>Los Comentarios no contienen ning\u00fan material difamatorio, calumnioso, ofensivo, indecente u otro material ilegal que sea una invasi\u00f3n a la privacidad.<\/p>\n\n\n\n<p>Los Comentarios no se utilizar\u00e1n para solicitar o promover negocios o costumbres ni presentar actividades comerciales o actividad ilegal.<\/p>\n\n\n\n<p>Por la presente otorga a Tekpro S.A.S una licencia no exclusiva para usar, reproducir, editar y autorizar a otros para usar, reproducir y editar cualquiera de sus Comentarios en cualquier forma, formato o medio.<\/p>\n\n\n\n<p>Enlazar con nuestro contenido:<\/p>\n\n\n\n<p>Las siguientes organizaciones pueden vincularse con nuestro Sitio Web sin previa autorizaci\u00f3n por escrito:<\/p>\n\n\n\n<p>Agencias gubernamentales;<\/p>\n\n\n\n<p>Motores de b\u00fasqueda;<\/p>\n\n\n\n<p>Organizaciones noticiosas;<\/p>\n\n\n\n<p>Los distribuidores del directorio en l\u00ednea pueden vincularse con nuestro Sitio Web de la misma manera que hiperenlazan con los Sitios Web de otras empresas listadas y Empresas acreditadas en todo el sistema, excepto las organizaciones sin fines de lucro que solicitan, compras ben\u00e9ficas<\/p>\n","protected":false},"excerpt":{"rendered":"<p>\u00a1Bienvenido a tekpro.com.co! Estos t\u00e9rminos y condiciones describen las reglas y regulaciones para el uso del sitio web de Tekpro S.A.S, ubicado en https:\/\/tekpro.com.co. Al acceder a este sitio web, asumimos que acepta estos t\u00e9rminos y condiciones. No contin\u00fae usando tekpro.com.co si no est\u00e1 de acuerdo en aceptar todos los t\u00e9rminos y condiciones establecidos en [&hellip;]<\/p>\n","protected":false},"author":1,"featured_media":5,"parent":0,"menu_order":0,"comment_status":"closed","ping_status":"closed","template":"","meta":{"jetpack_post_was_ever_published":false,"footnotes":""},"class_list":["post-589","page","type-page","status-publish","has-post-thumbnail","hentry"],"yoast_head":"<!-- This site is optimized with the Yoast SEO plugin v27.3 - https:\/\/yoast.com\/product\/yoast-seo-wordpress\/ -->\n<title>T\u00e9rminos y Condiciones | Tekpro<\/title>\n<meta name=\"robots\" content=\"index, follow, max-snippet:-1, max-image-preview:large, max-video-preview:-1\" \/>\n<link rel=\"canonical\" href=\"https:\/\/tekpro.com.co\/index.php\/terminos-y-condiciones\/\" \/>\n<meta property=\"og:locale\" content=\"en_US\" \/>\n<meta property=\"og:type\" content=\"article\" \/>\n<meta property=\"og:title\" content=\"T\u00e9rminos y Condiciones | Tekpro\" \/>\n<meta property=\"og:description\" content=\"\u00a1Bienvenido a tekpro.com.co! Estos t\u00e9rminos y condiciones describen las reglas y regulaciones para el uso del sitio web de Tekpro S.A.S, ubicado en https:\/\/tekpro.com.co. Al acceder a este sitio web, asumimos que acepta estos t\u00e9rminos y condiciones. No contin\u00fae usando tekpro.com.co si no est\u00e1 de acuerdo en aceptar todos los t\u00e9rminos y condiciones establecidos en [&hellip;]\" \/>\n<meta property=\"og:url\" content=\"https:\/\/tekpro.com.co\/index.php\/terminos-y-condiciones\/\" \/>\n<meta property=\"og:site_name\" content=\"Tekpro\" \/>\n<meta property=\"article:modified_time\" content=\"2023-12-27T06:23:01+00:00\" \/>\n<meta property=\"og:image\" content=\"https:\/\/i0.wp.com\/tekpro.com.co\/wp-content\/uploads\/2023\/12\/logo-tekpro-main-retina.png?fit=580%2C205&ssl=1\" \/>\n\t<meta property=\"og:image:width\" content=\"580\" \/>\n\t<meta property=\"og:image:height\" content=\"205\" \/>\n\t<meta property=\"og:image:type\" content=\"image\/png\" \/>\n<meta name=\"twitter:card\" content=\"summary_large_image\" \/>\n<meta name=\"twitter:label1\" content=\"Est. reading time\" \/>\n\t<meta name=\"twitter:data1\" content=\"4 minutes\" \/>\n<script type=\"application\/ld+json\" class=\"yoast-schema-graph\">{\"@context\":\"https:\\\/\\\/schema.org\",\"@graph\":[{\"@type\":\"WebPage\",\"@id\":\"https:\\\/\\\/tekpro.com.co\\\/index.php\\\/terminos-y-condiciones\\\/\",\"url\":\"https:\\\/\\\/tekpro.com.co\\\/index.php\\\/terminos-y-condiciones\\\/\",\"name\":\"T\u00e9rminos y Condiciones | Tekpro\",\"isPartOf\":{\"@id\":\"https:\\\/\\\/tekpro.com.co\\\/#website\"},\"primaryImageOfPage\":{\"@id\":\"https:\\\/\\\/tekpro.com.co\\\/index.php\\\/terminos-y-condiciones\\\/#primaryimage\"},\"image\":{\"@id\":\"https:\\\/\\\/tekpro.com.co\\\/index.php\\\/terminos-y-condiciones\\\/#primaryimage\"},\"thumbnailUrl\":\"https:\\\/\\\/i0.wp.com\\\/tekpro.com.co\\\/wp-content\\\/uploads\\\/2023\\\/12\\\/logo-tekpro-main-retina.png?fit=580%2C205&ssl=1\",\"datePublished\":\"2023-12-27T06:22:59+00:00\",\"dateModified\":\"2023-12-27T06:23:01+00:00\",\"breadcrumb\":{\"@id\":\"https:\\\/\\\/tekpro.com.co\\\/index.php\\\/terminos-y-condiciones\\\/#breadcrumb\"},\"inLanguage\":\"en-US\",\"potentialAction\":[{\"@type\":\"ReadAction\",\"target\":[\"https:\\\/\\\/tekpro.com.co\\\/index.php\\\/terminos-y-condiciones\\\/\"]}]},{\"@type\":\"ImageObject\",\"inLanguage\":\"en-US\",\"@id\":\"https:\\\/\\\/tekpro.com.co\\\/index.php\\\/terminos-y-condiciones\\\/#primaryimage\",\"url\":\"https:\\\/\\\/i0.wp.com\\\/tekpro.com.co\\\/wp-content\\\/uploads\\\/2023\\\/12\\\/logo-tekpro-main-retina.png?fit=580%2C205&ssl=1\",\"contentUrl\":\"https:\\\/\\\/i0.wp.com\\\/tekpro.com.co\\\/wp-content\\\/uploads\\\/2023\\\/12\\\/logo-tekpro-main-retina.png?fit=580%2C205&ssl=1\",\"width\":580,\"height\":205},{\"@type\":\"BreadcrumbList\",\"@id\":\"https:\\\/\\\/tekpro.com.co\\\/index.php\\\/terminos-y-condiciones\\\/#breadcrumb\",\"itemListElement\":[{\"@type\":\"ListItem\",\"position\":1,\"name\":\"Portada\",\"item\":\"https:\\\/\\\/tekpro.com.co\\\/\"},{\"@type\":\"ListItem\",\"position\":2,\"name\":\"T\u00e9rminos y Condiciones\"}]},{\"@type\":\"WebSite\",\"@id\":\"https:\\\/\\\/tekpro.com.co\\\/#website\",\"url\":\"https:\\\/\\\/tekpro.com.co\\\/\",\"name\":\"Tekpro\",\"description\":\"Ofrecemos soluciones cortas para la industria alimentaria, especializandonos en el procesamiento de la carne\",\"publisher\":{\"@id\":\"https:\\\/\\\/tekpro.com.co\\\/#organization\"},\"alternateName\":\"Tekpro S.A.S\",\"potentialAction\":[{\"@type\":\"SearchAction\",\"target\":{\"@type\":\"EntryPoint\",\"urlTemplate\":\"https:\\\/\\\/tekpro.com.co\\\/?s={search_term_string}\"},\"query-input\":{\"@type\":\"PropertyValueSpecification\",\"valueRequired\":true,\"valueName\":\"search_term_string\"}}],\"inLanguage\":\"en-US\"},{\"@type\":\"Organization\",\"@id\":\"https:\\\/\\\/tekpro.com.co\\\/#organization\",\"name\":\"Tekpro\",\"url\":\"https:\\\/\\\/tekpro.com.co\\\/\",\"logo\":{\"@type\":\"ImageObject\",\"inLanguage\":\"en-US\",\"@id\":\"https:\\\/\\\/tekpro.com.co\\\/#\\\/schema\\\/logo\\\/image\\\/\",\"url\":\"https:\\\/\\\/i0.wp.com\\\/tekpro.com.co\\\/wp-content\\\/uploads\\\/2023\\\/12\\\/favicon-tekpro60px.png?fit=60%2C62&ssl=1\",\"contentUrl\":\"https:\\\/\\\/i0.wp.com\\\/tekpro.com.co\\\/wp-content\\\/uploads\\\/2023\\\/12\\\/favicon-tekpro60px.png?fit=60%2C62&ssl=1\",\"width\":60,\"height\":62,\"caption\":\"Tekpro\"},\"image\":{\"@id\":\"https:\\\/\\\/tekpro.com.co\\\/#\\\/schema\\\/logo\\\/image\\\/\"}}]}<\/script>\n<!-- \/ Yoast SEO plugin. -->","yoast_head_json":{"title":"T\u00e9rminos y Condiciones | Tekpro","robots":{"index":"index","follow":"follow","max-snippet":"max-snippet:-1","max-image-preview":"max-image-preview:large","max-video-preview":"max-video-preview:-1"},"canonical":"https:\/\/tekpro.com.co\/index.php\/terminos-y-condiciones\/","og_locale":"en_US","og_type":"article","og_title":"T\u00e9rminos y Condiciones | Tekpro","og_description":"\u00a1Bienvenido a tekpro.com.co! Estos t\u00e9rminos y condiciones describen las reglas y regulaciones para el uso del sitio web de Tekpro S.A.S, ubicado en https:\/\/tekpro.com.co. Al acceder a este sitio web, asumimos que acepta estos t\u00e9rminos y condiciones. No contin\u00fae usando tekpro.com.co si no est\u00e1 de acuerdo en aceptar todos los t\u00e9rminos y condiciones establecidos en [&hellip;]","og_url":"https:\/\/tekpro.com.co\/index.php\/terminos-y-condiciones\/","og_site_name":"Tekpro","article_modified_time":"2023-12-27T06:23:01+00:00","og_image":[{"width":580,"height":205,"url":"https:\/\/i0.wp.com\/tekpro.com.co\/wp-content\/uploads\/2023\/12\/logo-tekpro-main-retina.png?fit=580%2C205&ssl=1","type":"image\/png"}],"twitter_card":"summary_large_image","twitter_misc":{"Est. reading time":"4 minutes"},"schema":{"@context":"https:\/\/schema.org","@graph":[{"@type":"WebPage","@id":"https:\/\/tekpro.com.co\/index.php\/terminos-y-condiciones\/","url":"https:\/\/tekpro.com.co\/index.php\/terminos-y-condiciones\/","name":"T\u00e9rminos y Condiciones | Tekpro","isPartOf":{"@id":"https:\/\/tekpro.com.co\/#website"},"primaryImageOfPage":{"@id":"https:\/\/tekpro.com.co\/index.php\/terminos-y-condiciones\/#primaryimage"},"image":{"@id":"https:\/\/tekpro.com.co\/index.php\/terminos-y-condiciones\/#primaryimage"},"thumbnailUrl":"https:\/\/i0.wp.com\/tekpro.com.co\/wp-content\/uploads\/2023\/12\/logo-tekpro-main-retina.png?fit=580%2C205&ssl=1","datePublished":"2023-12-27T06:22:59+00:00","dateModified":"2023-12-27T06:23:01+00:00","breadcrumb":{"@id":"https:\/\/tekpro.com.co\/index.php\/terminos-y-condiciones\/#breadcrumb"},"inLanguage":"en-US","potentialAction":[{"@type":"ReadAction","target":["https:\/\/tekpro.com.co\/index.php\/terminos-y-condiciones\/"]}]},{"@type":"ImageObject","inLanguage":"en-US","@id":"https:\/\/tekpro.com.co\/index.php\/terminos-y-condiciones\/#primaryimage","url":"https:\/\/i0.wp.com\/tekpro.com.co\/wp-content\/uploads\/2023\/12\/logo-tekpro-main-retina.png?fit=580%2C205&ssl=1","contentUrl":"https:\/\/i0.wp.com\/tekpro.com.co\/wp-content\/uploads\/2023\/12\/logo-tekpro-main-retina.png?fit=580%2C205&ssl=1","width":580,"height":205},{"@type":"BreadcrumbList","@id":"https:\/\/tekpro.com.co\/index.php\/terminos-y-condiciones\/#breadcrumb","itemListElement":[{"@type":"ListItem","position":1,"name":"Portada","item":"https:\/\/tekpro.com.co\/"},{"@type":"ListItem","position":2,"name":"T\u00e9rminos y Condiciones"}]},{"@type":"WebSite","@id":"https:\/\/tekpro.com.co\/#website","url":"https:\/\/tekpro.com.co\/","name":"Tekpro","description":"Ofrecemos soluciones cortas para la industria alimentaria, especializandonos en el procesamiento de la carne","publisher":{"@id":"https:\/\/tekpro.com.co\/#organization"},"alternateName":"Tekpro S.A.S","potentialAction":[{"@type":"SearchAction","target":{"@type":"EntryPoint","urlTemplate":"https:\/\/tekpro.com.co\/?s={search_term_string}"},"query-input":{"@type":"PropertyValueSpecification","valueRequired":true,"valueName":"search_term_string"}}],"inLanguage":"en-US"},{"@type":"Organization","@id":"https:\/\/tekpro.com.co\/#organization","name":"Tekpro","url":"https:\/\/tekpro.com.co\/","logo":{"@type":"ImageObject","inLanguage":"en-US","@id":"https:\/\/tekpro.com.co\/#\/schema\/logo\/image\/","url":"https:\/\/i0.wp.com\/tekpro.com.co\/wp-content\/uploads\/2023\/12\/favicon-tekpro60px.png?fit=60%2C62&ssl=1","contentUrl":"https:\/\/i0.wp.com\/tekpro.com.co\/wp-content\/uploads\/2023\/12\/favicon-tekpro60px.png?fit=60%2C62&ssl=1","width":60,"height":62,"caption":"Tekpro"},"image":{"@id":"https:\/\/tekpro.com.co\/#\/schema\/logo\/image\/"}}]}},"jetpack_sharing_enabled":true,"_links":{"self":[{"href":"https:\/\/tekpro.com.co\/index.php\/wp-json\/wp\/v2\/pages\/589","targetHints":{"allow":["GET"]}}],"collection":[{"href":"https:\/\/tekpro.com.co\/index.php\/wp-json\/wp\/v2\/pages"}],"about":[{"href":"https:\/\/tekpro.com.co\/index.php\/wp-json\/wp\/v2\/types\/page"}],"author":[{"embeddable":true,"href":"https:\/\/tekpro.com.co\/index.php\/wp-json\/wp\/v2\/users\/1"}],"replies":[{"embeddable":true,"href":"https:\/\/tekpro.com.co\/index.php\/wp-json\/wp\/v2\/comments?post=589"}],"version-history":[{"count":1,"href":"https:\/\/tekpro.com.co\/index.php\/wp-json\/wp\/v2\/pages\/589\/revisions"}],"predecessor-version":[{"id":590,"href":"https:\/\/tekpro.com.co\/index.php\/wp-json\/wp\/v2\/pages\/589\/revisions\/590"}],"wp:featuredmedia":[{"embeddable":true,"href":"https:\/\/tekpro.com.co\/index.php\/wp-json\/wp\/v2\/media\/5"}],"wp:attachment":[{"href":"https:\/\/tekpro.com.co\/index.php\/wp-json\/wp\/v2\/media?parent=589"}],"curies":[{"name":"wp","href":"https:\/\/api.w.org\/{rel}","templated":true}]}}